{"id":1855,"date":"2025-12-22T15:50:10","date_gmt":"2025-12-22T15:50:10","guid":{"rendered":"https:\/\/sanpietro-aquaeortus.ms3.decms.eu\/gourmet-wedding-cuisine-umbria\/"},"modified":"2026-02-23T11:44:58","modified_gmt":"2026-02-23T11:44:58","slug":"cucina-gourmet-matrimonio-umbria","status":"publish","type":"page","link":"https:\/\/www.spao.it\/it\/cucina-gourmet-matrimonio-umbria\/","title":{"rendered":"La Cucina"},"content":{"rendered":"<p>La creazione del men\u00f9 nuziale \u00e8 uno degli elementi pi\u00f9 importanti nell\u2019organizzazione di un destination wedding di alto livello.<\/p>\n<p>A SPAO Borgo San Pietro Aquaeortus, la cucina e il vino diventano parte integrante della celebrazione: un\u2019esperienza raffinata e immersiva, modellata dalle tradizioni umbre e toscane, dagli ingredienti di stagione e da una qualit\u00e0 senza compromessi.<\/p>\n","protected":false},"excerpt":{"rendered":"<p>La creazione del men\u00f9 nuziale \u00e8 uno degli elementi pi\u00f9 importanti nell\u2019organizzazione di un destination wedding di alto livello. A SPAO Borgo San Pietro Aquaeortus, la cucina e il vino diventano parte integrante della celebrazione: un\u2019esperienza raffinata e immersiva, modellata dalle tradizioni umbre e toscane, dagli ingredienti di stagione e da una qualit\u00e0 senza compromessi.<\/p>\n","protected":false},"author":8,"featured_media":0,"parent":0,"menu_order":20,"comment_status":"closed","ping_status":"closed","template":"template-restaurants.php","meta":{"footnotes":""},"class_list":["post-1855","page","type-page","status-publish","hentry"],"yoast_head":"<!-- This site is optimized with the Yoast SEO plugin v26.9 - https:\/\/yoast.com\/product\/yoast-seo-wordpress\/ -->\n<title>Gourmet Italian Wedding Food &amp; Wine in Umbria | SPAO Borgo<\/title>\n<meta name=\"description\" content=\"Experience gourmet Italian wedding cuisine at SPAO. We offer bespoke menus, authentic Umbrian ingredients, and fine regional wines in a luxury medieval borgo.\" \/>\n<meta name=\"robots\" content=\"index, follow, max-snippet:-1, max-image-preview:large, max-video-preview:-1\" \/>\n<link rel=\"canonical\" href=\"https:\/\/www.spao.it\/it\/cucina-gourmet-matrimonio-umbria\/\" \/>\n<meta property=\"og:locale\" content=\"it_IT\" \/>\n<meta property=\"og:type\" content=\"article\" \/>\n<meta property=\"og:title\" content=\"Gourmet Italian Wedding Food &amp; Wine in Umbria | SPAO Borgo\" \/>\n<meta property=\"og:description\" content=\"Experience gourmet Italian wedding cuisine at SPAO. We offer bespoke menus, authentic Umbrian ingredients, and fine regional wines in a luxury medieval borgo.\" \/>\n<meta property=\"og:url\" content=\"https:\/\/www.spao.it\/it\/cucina-gourmet-matrimonio-umbria\/\" \/>\n<meta property=\"og:site_name\" content=\"SPAO Borgo San Pietro Aquaeortus\" \/>\n<meta property=\"article:publisher\" content=\"https:\/\/www.facebook.com\/spao.it\/\" \/>\n<meta property=\"article:modified_time\" content=\"2026-02-23T11:44:58+00:00\" \/>\n<meta property=\"og:image\" content=\"https:\/\/sanpietro-aquaeortus.ms3.decms.eu\/wp-content\/uploads\/sites\/40\/2023\/06\/Screenshot-2023-06-26-alle-12.58.44-1024x581.png\" \/>\n\t<meta property=\"og:image:width\" content=\"1024\" \/>\n\t<meta property=\"og:image:height\" content=\"581\" \/>\n\t<meta property=\"og:image:type\" content=\"image\/png\" \/>\n<meta name=\"twitter:card\" content=\"summary_large_image\" \/>\n<meta name=\"twitter:label1\" content=\"Est. reading time\" \/>\n\t<meta name=\"twitter:data1\" content=\"1 minuto\" \/>\n<script type=\"application\/ld+json\" class=\"yoast-schema-graph\">{\"@context\":\"https:\/\/schema.org\",\"@graph\":[{\"@type\":\"WebPage\",\"@id\":\"https:\/\/www.spao.it\/it\/cucina-gourmet-matrimonio-umbria\/\",\"url\":\"https:\/\/www.spao.it\/it\/cucina-gourmet-matrimonio-umbria\/\",\"name\":\"Gourmet Italian Wedding Food & Wine in Umbria | SPAO Borgo\",\"isPartOf\":{\"@id\":\"https:\/\/www.spao.it\/it\/#website\"},\"datePublished\":\"2025-12-22T15:50:10+00:00\",\"dateModified\":\"2026-02-23T11:44:58+00:00\",\"description\":\"Experience gourmet Italian wedding cuisine at SPAO. We offer bespoke menus, authentic Umbrian ingredients, and fine regional wines in a luxury medieval borgo.\",\"breadcrumb\":{\"@id\":\"https:\/\/www.spao.it\/it\/cucina-gourmet-matrimonio-umbria\/#breadcrumb\"},\"inLanguage\":\"it-IT\",\"potentialAction\":[{\"@type\":\"ReadAction\",\"target\":[\"https:\/\/www.spao.it\/it\/cucina-gourmet-matrimonio-umbria\/\"]}]},{\"@type\":\"BreadcrumbList\",\"@id\":\"https:\/\/www.spao.it\/it\/cucina-gourmet-matrimonio-umbria\/#breadcrumb\",\"itemListElement\":[{\"@type\":\"ListItem\",\"position\":1,\"name\":\"Home\",\"item\":\"https:\/\/www.spao.it\/it\/\"},{\"@type\":\"ListItem\",\"position\":2,\"name\":\"La Cucina\"}]},{\"@type\":\"WebSite\",\"@id\":\"https:\/\/www.spao.it\/it\/#website\",\"url\":\"https:\/\/www.spao.it\/it\/\",\"name\":\"SPAO Borgo San Pietro Aquaeortus\",\"description\":\"\",\"publisher\":{\"@id\":\"https:\/\/www.spao.it\/it\/#organization\"},\"potentialAction\":[{\"@type\":\"SearchAction\",\"target\":{\"@type\":\"EntryPoint\",\"urlTemplate\":\"https:\/\/www.spao.it\/it\/?s={search_term_string}\"},\"query-input\":{\"@type\":\"PropertyValueSpecification\",\"valueRequired\":true,\"valueName\":\"search_term_string\"}}],\"inLanguage\":\"it-IT\"},{\"@type\":\"Organization\",\"@id\":\"https:\/\/www.spao.it\/it\/#organization\",\"name\":\"SPAO Borgo San Pietro Aquaeortus\",\"alternateName\":\"SPAO\",\"url\":\"https:\/\/www.spao.it\/it\/\",\"logo\":{\"@type\":\"ImageObject\",\"inLanguage\":\"it-IT\",\"@id\":\"https:\/\/www.spao.it\/it\/#\/schema\/logo\/image\/\",\"url\":\"https:\/\/sanpietro-aquaeortus.ms3.decms.eu\/wp-content\/uploads\/sites\/40\/2025\/12\/map-icon.png\",\"contentUrl\":\"https:\/\/sanpietro-aquaeortus.ms3.decms.eu\/wp-content\/uploads\/sites\/40\/2025\/12\/map-icon.png\",\"width\":100,\"height\":100,\"caption\":\"SPAO Borgo San Pietro Aquaeortus\"},\"image\":{\"@id\":\"https:\/\/www.spao.it\/it\/#\/schema\/logo\/image\/\"},\"sameAs\":[\"https:\/\/www.facebook.com\/spao.it\/\",\"https:\/\/it.pinterest.com\/spaoborgo\/\",\"https:\/\/www.youtube.com\/@spaoborgosanpietroaquaeort9409\",\"https:\/\/www.instagram.com\/spao.it\/\",\"https:\/\/www.tiktok.com\/@borgo_spao\"]}]}<\/script>\n<!-- \/ Yoast SEO plugin. -->","yoast_head_json":{"title":"Gourmet Italian Wedding Food & Wine in Umbria | SPAO Borgo","description":"Experience gourmet Italian wedding cuisine at SPAO. We offer bespoke menus, authentic Umbrian ingredients, and fine regional wines in a luxury medieval borgo.","robots":{"index":"index","follow":"follow","max-snippet":"max-snippet:-1","max-image-preview":"max-image-preview:large","max-video-preview":"max-video-preview:-1"},"canonical":"https:\/\/www.spao.it\/it\/cucina-gourmet-matrimonio-umbria\/","og_locale":"it_IT","og_type":"article","og_title":"Gourmet Italian Wedding Food & Wine in Umbria | SPAO Borgo","og_description":"Experience gourmet Italian wedding cuisine at SPAO. We offer bespoke menus, authentic Umbrian ingredients, and fine regional wines in a luxury medieval borgo.","og_url":"https:\/\/www.spao.it\/it\/cucina-gourmet-matrimonio-umbria\/","og_site_name":"SPAO Borgo San Pietro Aquaeortus","article_publisher":"https:\/\/www.facebook.com\/spao.it\/","article_modified_time":"2026-02-23T11:44:58+00:00","og_image":[{"width":1024,"height":581,"url":"https:\/\/sanpietro-aquaeortus.ms3.decms.eu\/wp-content\/uploads\/sites\/40\/2023\/06\/Screenshot-2023-06-26-alle-12.58.44-1024x581.png","type":"image\/png"}],"twitter_card":"summary_large_image","twitter_misc":{"Est. reading time":"1 minuto"},"schema":{"@context":"https:\/\/schema.org","@graph":[{"@type":"WebPage","@id":"https:\/\/www.spao.it\/it\/cucina-gourmet-matrimonio-umbria\/","url":"https:\/\/www.spao.it\/it\/cucina-gourmet-matrimonio-umbria\/","name":"Gourmet Italian Wedding Food & Wine in Umbria | SPAO Borgo","isPartOf":{"@id":"https:\/\/www.spao.it\/it\/#website"},"datePublished":"2025-12-22T15:50:10+00:00","dateModified":"2026-02-23T11:44:58+00:00","description":"Experience gourmet Italian wedding cuisine at SPAO. We offer bespoke menus, authentic Umbrian ingredients, and fine regional wines in a luxury medieval borgo.","breadcrumb":{"@id":"https:\/\/www.spao.it\/it\/cucina-gourmet-matrimonio-umbria\/#breadcrumb"},"inLanguage":"it-IT","potentialAction":[{"@type":"ReadAction","target":["https:\/\/www.spao.it\/it\/cucina-gourmet-matrimonio-umbria\/"]}]},{"@type":"BreadcrumbList","@id":"https:\/\/www.spao.it\/it\/cucina-gourmet-matrimonio-umbria\/#breadcrumb","itemListElement":[{"@type":"ListItem","position":1,"name":"Home","item":"https:\/\/www.spao.it\/it\/"},{"@type":"ListItem","position":2,"name":"La Cucina"}]},{"@type":"WebSite","@id":"https:\/\/www.spao.it\/it\/#website","url":"https:\/\/www.spao.it\/it\/","name":"SPAO Borgo San Pietro Aquaeortus","description":"","publisher":{"@id":"https:\/\/www.spao.it\/it\/#organization"},"potentialAction":[{"@type":"SearchAction","target":{"@type":"EntryPoint","urlTemplate":"https:\/\/www.spao.it\/it\/?s={search_term_string}"},"query-input":{"@type":"PropertyValueSpecification","valueRequired":true,"valueName":"search_term_string"}}],"inLanguage":"it-IT"},{"@type":"Organization","@id":"https:\/\/www.spao.it\/it\/#organization","name":"SPAO Borgo San Pietro Aquaeortus","alternateName":"SPAO","url":"https:\/\/www.spao.it\/it\/","logo":{"@type":"ImageObject","inLanguage":"it-IT","@id":"https:\/\/www.spao.it\/it\/#\/schema\/logo\/image\/","url":"https:\/\/sanpietro-aquaeortus.ms3.decms.eu\/wp-content\/uploads\/sites\/40\/2025\/12\/map-icon.png","contentUrl":"https:\/\/sanpietro-aquaeortus.ms3.decms.eu\/wp-content\/uploads\/sites\/40\/2025\/12\/map-icon.png","width":100,"height":100,"caption":"SPAO Borgo San Pietro Aquaeortus"},"image":{"@id":"https:\/\/www.spao.it\/it\/#\/schema\/logo\/image\/"},"sameAs":["https:\/\/www.facebook.com\/spao.it\/","https:\/\/it.pinterest.com\/spaoborgo\/","https:\/\/www.youtube.com\/@spaoborgosanpietroaquaeort9409","https:\/\/www.instagram.com\/spao.it\/","https:\/\/www.tiktok.com\/@borgo_spao"]}]}},"acf":[],"_links":{"self":[{"href":"https:\/\/www.spao.it\/it\/wp-json\/wp\/v2\/pages\/1855","targetHints":{"allow":["GET"]}}],"collection":[{"href":"https:\/\/www.spao.it\/it\/wp-json\/wp\/v2\/pages"}],"about":[{"href":"https:\/\/www.spao.it\/it\/wp-json\/wp\/v2\/types\/page"}],"author":[{"embeddable":true,"href":"https:\/\/www.spao.it\/it\/wp-json\/wp\/v2\/users\/8"}],"replies":[{"embeddable":true,"href":"https:\/\/www.spao.it\/it\/wp-json\/wp\/v2\/comments?post=1855"}],"version-history":[{"count":0,"href":"https:\/\/www.spao.it\/it\/wp-json\/wp\/v2\/pages\/1855\/revisions"}],"wp:attachment":[{"href":"https:\/\/www.spao.it\/it\/wp-json\/wp\/v2\/media?parent=1855"}],"curies":[{"name":"wp","href":"https:\/\/api.w.org\/{rel}","templated":true}]}}